{"id":50,"date":"2018-04-24T15:09:43","date_gmt":"2018-04-24T15:09:43","guid":{"rendered":"https:\/\/massageentherapieindelft.nl\/?page_id=50"},"modified":"2018-08-16T14:22:43","modified_gmt":"2018-08-16T14:22:43","slug":"consult-coaching","status":"publish","type":"page","link":"https:\/\/massageentherapieindelft.nl\/index.php\/consult-coaching\/","title":{"rendered":"Therapeutische consult &#038; coaching"},"content":{"rendered":"<p><img loading=\"lazy\" class=\"alignright size-medium wp-image-312\" src=\"https:\/\/massageentherapieindelft.nl\/wp-content\/uploads\/2018\/08\/sun-vogel-1773094_1280vierkant-300x300.jpg\" alt=\"\" width=\"300\" height=\"300\" srcset=\"https:\/\/massageentherapieindelft.nl\/wp-content\/uploads\/2018\/08\/sun-vogel-1773094_1280vierkant-300x300.jpg 300w, https:\/\/massageentherapieindelft.nl\/wp-content\/uploads\/2018\/08\/sun-vogel-1773094_1280vierkant-150x150.jpg 150w, https:\/\/massageentherapieindelft.nl\/wp-content\/uploads\/2018\/08\/sun-vogel-1773094_1280vierkant-768x766.jpg 768w, https:\/\/massageentherapieindelft.nl\/wp-content\/uploads\/2018\/08\/sun-vogel-1773094_1280vierkant-510x510.jpg 510w, https:\/\/massageentherapieindelft.nl\/wp-content\/uploads\/2018\/08\/sun-vogel-1773094_1280vierkant.jpg 1021w\" sizes=\"(max-width: 300px) 100vw, 300px\" \/><\/p>\n<p>Alle therapeutische consults &amp; coachingssessies van Cheraldine hebben een therapeutisch karakter in die zin dat de cli\u00ebnt graag verheldering, advies en begeleiding zoekt voor een vraagstuk, kwestie, ervaring of beleving die hem of haar bezighoudt en belemmert in de dagelijkse functionering.<\/p>\n<p>&nbsp;<\/p>\n<h4>Consult<\/h4>\n<p>Bij een consult is vaak sprake van onderwerpen waarmee we niet graag met een bekende over willen praten of waar we met een frisse blik naar willen kijken of vanuit een andere (spirituele) invalshoek. Het kan gaan om thema&#8217;s als: eenzaamheid\/geen partnerschap, familiare disfunctionaliteit, negatief zelfbeeld, seksuele blokkades, energetische en\/of emotionele disbalans, last van entiteiten, levensmoeheid, professionele stagnatie, zelfmeesterschap etc.<\/p>\n<p>Bij Ubuntu Universe zal je nooit uitgelachen of voor gek verklaard worden, maar het luisterend oor maakt dat je langzaam opengaat (ontpantsert) en de weg vrijmaakt om de oplossing die voorhanden ligt te belichten. Samen met Cheraldine kijk je naar alle aspecten van je vraag en stippel je de beste manier uit naar een goede oplossing die jou dient in je hoogste zijn.<\/p>\n<p>Dit gebeurt bij Ubuntu Universe in Delft\u00a0 door middel van gespreks- en herbelevingstechnieken, visualisaties en meditaties. Het komt ook voor dat er een spirituele reiniging plaatsvindt om je energiebronnen (chakra&#8217;s) schoon te maken en\/of energetische blokkades op te heffen.<\/p>\n<p>Een consult is veelal een eenmalige sessie. Soms heeft een cli\u00ebnt behoefte aan meerdere sessies eventueel in combinatie met spirituele massage en\/of therapeutische lichaamswerk of andere therapeutische modaliteiten bv energetische lichaamsfengshui of Reiki.<\/p>\n<p>&nbsp;<\/p>\n<h4>Coaching<\/h4>\n<p>Na een consult volgt vaak het coachen van de cli\u00ebnt. Deze begeleiding ondersteunt het oplossingsgerichte pad dat de cli\u00ebnt gaat bewandelen om tot de juiste resultaten te leiden. Naar mate de cli\u00ebnt groeit en zich aanpast aan het nieuwe zelf, gaat het coachen over in Happiness Coaching. De adviezen gaan zich dan richten op het begeleiden van de cli\u00ebnt naar een gelukkig en dienstbaar leven voor zichzelf.<\/p>\n<p>&nbsp;<\/p>\n<h4>Wat cli\u00ebnten zeggen over consult en coaching<\/h4>\n<p><em>Ik heb wat over mezelf geleerd. Nu loslaten en rust zoeken. Ineke<\/em><\/p>\n<p><em>Kan ik weer lachen? Ik denk het wel ! C<\/em><\/p>\n<p><em>Today I took a journey towards Happiness, Healing, Strength, Peace, Tranquility, Freedom, Discovery, Time and Space. Maria<\/em><\/p>\n<p><em>Wat fijn om al die wijze woorden te horen. Ik ga mijn best doen. M<\/em><\/p>\n<p><em>Ik besefte dat ik wil loslaten wat zwaar weegt. Suzy<\/em><\/p>\n<p><em>De inspiratie is altijd op z&#8217;n plaats. Janine<\/em><\/p>\n<p>&nbsp;<\/p>\n<h4>Wil je meer weten of direct een afspraak maken?<\/h4>\n<p>Bel naar Cheraldine:\u00a0<span id=\"OBJ_PREFIX_DWT1589_com_zimbra_phone\" class=\"Object\">06-186 15 230<\/span>\u00a0of mail haar:\u00a0\u00a0<a href=\"mailto:chosepa@gmail.com\">chosepa@gmail.com<\/a><\/p>\n","protected":false},"excerpt":{"rendered":"<p>Alle therapeutische consults &amp; coachingssessies van Cheraldine hebben een therapeutisch karakter in die zin dat de cli\u00ebnt graag verheldering, advies en begeleiding zoekt voor een vraagstuk, kwestie, ervaring of beleving die hem of haar bezighoudt en belemmert in de dagelijkse functionering. &nbsp; Consult Bij een consult is vaak sprake van onderwerpen waarmee we niet graag [&hellip;]<\/p>\n","protected":false},"author":1,"featured_media":317,"parent":0,"menu_order":0,"comment_status":"closed","ping_status":"closed","template":"","meta":[],"_links":{"self":[{"href":"https:\/\/massageentherapieindelft.nl\/index.php\/wp-json\/wp\/v2\/pages\/50"}],"collection":[{"href":"https:\/\/massageentherapieindelft.nl\/index.php\/wp-json\/wp\/v2\/pages"}],"about":[{"href":"https:\/\/massageentherapieindelft.nl\/index.php\/wp-json\/wp\/v2\/types\/page"}],"author":[{"embeddable":true,"href":"https:\/\/massageentherapieindelft.nl\/index.php\/wp-json\/wp\/v2\/users\/1"}],"replies":[{"embeddable":true,"href":"https:\/\/massageentherapieindelft.nl\/index.php\/wp-json\/wp\/v2\/comments?post=50"}],"version-history":[{"count":17,"href":"https:\/\/massageentherapieindelft.nl\/index.php\/wp-json\/wp\/v2\/pages\/50\/revisions"}],"predecessor-version":[{"id":330,"href":"https:\/\/massageentherapieindelft.nl\/index.php\/wp-json\/wp\/v2\/pages\/50\/revisions\/330"}],"wp:featuredmedia":[{"embeddable":true,"href":"https:\/\/massageentherapieindelft.nl\/index.php\/wp-json\/wp\/v2\/media\/317"}],"wp:attachment":[{"href":"https:\/\/massageentherapieindelft.nl\/index.php\/wp-json\/wp\/v2\/media?parent=50"}],"curies":[{"name":"wp","href":"https:\/\/api.w.org\/{rel}","templated":true}]}}